{"id":1553,"date":"2016-08-26T12:34:39","date_gmt":"2016-08-26T09:34:39","guid":{"rendered":"http:\/\/kutupmimarlik.com\/wp\/?page_id=1553"},"modified":"2020-10-16T19:22:06","modified_gmt":"2020-10-16T16:22:06","slug":"hakkimizda","status":"publish","type":"page","link":"https:\/\/kutupmimarlik.com\/en\/hakkimizda\/","title":{"rendered":"ABOUT US"},"content":{"rendered":"<div class='row'><div style='padding-bottom:0px;' class='span8 first-module module_number_1 module_cont  module_text_area'><div class='bg_title'><h3 style='' class='headInModule'>MISSION VISION<\/h3><\/div>\n                <div class='module_content'>\n                    <p style=\"text-align: justify;\">KUTUP; in the light of the natural, cultural and historical heritage of our country, meet the current conditions and basic functions of human creating spatial fictions, high standards can be lived in order to serve environmental conditions and humanity With 20 years of experience, sharing, producing and learning has adopted development as a way of life, was founded by Neslihan Palao\u011flu in 2009 with its disciplines. \n\nWith the desire of continuity of world peace, respect, love and tolerance in the national and international arena, with the understanding of being honest and principled, aiming to have a respectable and original place in the sector as a basic principle, aiming to catch the current with scientific and professional researches and shed light on the future, quality and To be a company that contributes to the continuous improvement of development, can produce ideas in a respectful formation that is sensitive to humanity and people in the light of cultural heritage and that can realize this awareness with spatial analysis.<br \/><br \/><\/p>\r\n<p style=\"text-align: justify;\">With the desire of continuity of world peace, respect, love and tolerance in the national and international arena, with the understanding of being honest and principled, aiming to have a respectable and original place in the sector as a basic principle, aiming to catch the current with scientific and professional researches and shed light on the future, quality and To be a company that contributes to the continuous improvement of development, can produce ideas in a respectful formation that is sensitive to humanity and people in the light of cultural heritage and that can realize this awareness with spatial analysis.<\/p>\r\n<p style=\"text-align: justify;\">&nbsp;<\/p>\n                <\/div><\/div><!-- .module_cont --><div style='padding-bottom:40px;' class='span4  module_number_2 module_cont  module_text_area'>\n                <div class='module_content'>\n                    <p><img src=\"\/wp-content\/uploads\/2016\/09\/hakkimizda_sag.jpg\" alt=\"\" width=\"460\" height=\"406\" \/><\/p>\n                <\/div><\/div><!-- .module_cont --><\/div>","protected":false},"excerpt":{"rendered":"<p>M\u0130SYON V\u0130ZYON KUTUP; &uuml;lkemizin do\u011fal, k&uuml;lt&uuml;rel, tarihi miras\u0131 \u0131\u015f\u0131\u011f\u0131nda, kentlerimizin g&uuml;ncel ko\u015fullar\u0131n\u0131 ve insan\u0131n temel fonksiyonlar\u0131n\u0131 kar\u015f\u0131layacak mekansal kurgular\u0131 olu\u015fturmak, standartlar\u0131 y&uuml;ksek ya\u015fanabilir &ccedil;evre \u015fartlar\u0131na ve insanl\u0131\u011fa hizmet vermek amac\u0131yla b&uuml;nyesinde 20 y\u0131ll\u0131k deneyime sahip, &ouml;\u011frenmeyi payla\u015fmay\u0131, &uuml;retmeyi ve geli\u015ftirmeyi ya\u015fam bi&ccedil;imi olarak benimsemi\u015f, farkl\u0131 meslek disiplinleri ile 2009 y\u0131l\u0131nda Neslihan Palao\u011flu taraf\u0131ndan kurulmu\u015ftur. D&uuml;nya bar\u0131\u015f\u0131n\u0131n s&uuml;reklilik arzusuyla, ulusal ve uluslararas\u0131 arenada sayg\u0131, sevgi ve ho\u015fg&ouml;r&uuml; i&ccedil;inde, d&uuml;r&uuml;st ve ilkeli olma anlay\u0131\u015f\u0131 ile sekt&ouml;rde sayg\u0131n ve &ouml;zg&uuml;n bir yere sahip olmay\u0131 temel ilke olarak hedefleyen, bilimsel ve mesleki ara\u015ft\u0131rmalar ile g&uuml;nceli yakalamay\u0131 ama&ccedil;layan ve gelece\u011fe \u0131\u015f\u0131k tutabilen, kalite ve geli\u015fimin s&uuml;rekli artt\u0131r\u0131lmas\u0131na katk\u0131 sa\u011flayan, k&uuml;lt&uuml;rel miras\u0131n \u0131\u015f\u0131\u011f\u0131nda insanl\u0131\u011fa, insana duyarl\u0131 sayg\u0131l\u0131 bir olu\u015fum i&ccedil;inde d&uuml;\u015f&uuml;nce &uuml;retebilen ve bu fark\u0131ndal\u0131\u011f\u0131 mekansal &ccedil;&ouml;z&uuml;mlemelerle hayata ge&ccedil;irebilen bir firma olmakt\u0131r. &nbsp;<\/p>","protected":false},"author":1,"featured_media":0,"parent":0,"menu_order":0,"comment_status":"closed","ping_status":"closed","template":"page-center.php","meta":[],"_links":{"self":[{"href":"https:\/\/kutupmimarlik.com\/en\/wp-json\/wp\/v2\/pages\/1553"}],"collection":[{"href":"https:\/\/kutupmimarlik.com\/en\/wp-json\/wp\/v2\/pages"}],"about":[{"href":"https:\/\/kutupmimarlik.com\/en\/wp-json\/wp\/v2\/types\/page"}],"author":[{"embeddable":true,"href":"https:\/\/kutupmimarlik.com\/en\/wp-json\/wp\/v2\/users\/1"}],"replies":[{"embeddable":true,"href":"https:\/\/kutupmimarlik.com\/en\/wp-json\/wp\/v2\/comments?post=1553"}],"version-history":[{"count":1,"href":"https:\/\/kutupmimarlik.com\/en\/wp-json\/wp\/v2\/pages\/1553\/revisions"}],"predecessor-version":[{"id":1554,"href":"https:\/\/kutupmimarlik.com\/en\/wp-json\/wp\/v2\/pages\/1553\/revisions\/1554"}],"wp:attachment":[{"href":"https:\/\/kutupmimarlik.com\/en\/wp-json\/wp\/v2\/media?parent=1553"}],"curies":[{"name":"wp","href":"https:\/\/api.w.org\/{rel}","templated":true}]}}