{"id":2652,"date":"2020-10-09T13:09:10","date_gmt":"2020-10-09T10:09:10","guid":{"rendered":"http:\/\/kutupmimarlik.com\/?page_id=2652"},"modified":"2020-10-16T15:34:38","modified_gmt":"2020-10-16T12:34:38","slug":"haberler","status":"publish","type":"page","link":"https:\/\/kutupmimarlik.com\/en\/haberler\/","title":{"rendered":"NEWS"},"content":{"rendered":"<div class='row'><div style='padding-bottom:40px;' class='span12 first-module module_number_1 module_cont  module_blog'>\n\t\t\t\t<div class=\"blog_post_preview\"><div class=\"post_preview_wrapper\"><div class=\"pf_output_container\"><\/div><div class=\"blog_content\">\n\t\t\t\t\t\t\t<div class=\"blogpreview_top\">\n\t\t\t\t\t\t\t\t<div class=\"box_date\">\n\t\t\t\t\t\t\t\t\t<span class=\"box_month\">Sep<\/span>\n\t\t\t\t\t\t\t\t\t<span class=\"box_day\">14<\/span>\n\t\t\t\t\t\t\t\t<\/div>\n\t\t\t\t\t\t\t\t<div class=\"author_ava\"><img alt='' src='https:\/\/secure.gravatar.com\/avatar\/bf646711db622686b1cc2a8eb11dcd73?s=72&#038;d=mm&#038;r=g' srcset='https:\/\/secure.gravatar.com\/avatar\/bf646711db622686b1cc2a8eb11dcd73?s=144&#038;d=mm&#038;r=g 2x' class='avatar avatar-72 photo' height='72' width='72' loading='lazy'\/><\/div>\n\t\t\t\t\t\t\t\t<div class=\"listing_meta\">\n\t\t\t\t\t\t\t\t\t<span>by <a href=\"https:\/\/kutupmimarlik.com\/en\/author\/admin\/\">admin<\/a><\/span>\t\t\t\t\t\t\t\t\t\n\t\t\t\t\t\t\t\t\t<span>in <a href=\"https:\/\/kutupmimarlik.com\/en\/category\/haberler\/\">News<\/a><\/span>\n\t\t\t\t\t\t\t\t\t<span><a href=\"https:\/\/kutupmimarlik.com\/en\/kartal-neyzen-tevfik-meydani-ve-kartal-stad-parki-cevre-duzenleme-projesi-uygulamasi\/#respond\">0 comments<\/a><\/span>\n\t\t\t\t\t\t\t\t\t\n\t\t\t\t\t\t\t\t<\/div>\n\t\t\t\t\t\t\t<\/div>\n\t\t\t\t\t\t\t<h3 class=\"blogpost_title\"><a href=\"https:\/\/kutupmimarlik.com\/en\/kartal-neyzen-tevfik-meydani-ve-kartal-stad-parki-cevre-duzenleme-projesi-uygulamasi\/\">KARTAL NEYZEN TEVF\u0130K SQUARE AND KARTAL STAD PARK ENVIRONMENTAL DESIGN PROJECT APPLICATION<\/a><\/h3><article class=\"contentarea\">\n\t\t\t\t\t\t\t\t<!-- wp:gallery {\"linkTo\":\"none\"} -->\n<figure class=\"wp-block-gallery has-nested-images columns-default is-cropped\"><\/figure>\n<!-- \/wp:gallery -->\n\n\n <a href=\"https:\/\/kutupmimarlik.com\/en\/kartal-neyzen-tevfik-meydani-ve-kartal-stad-parki-cevre-duzenleme-projesi-uygulamasi\/#more-3286\" class=\"more-link\"><span aria-label=\"Continue reading KARTAL NEYZEN TEVF\u0130K MEYDANI VE KARTAL STAD PARKI \u00c7EVRE D\u00dcZENLEME PROJES\u0130 UYGULAMASI\">(more&hellip;)<\/span><\/a>\n\t\t\t\t\t\t\t<\/article>\n\t\t\t\t\t\t\t<div class=\"preview_footer\">\n\t\t\t\t\t\t\t\t<a href=\"https:\/\/kutupmimarlik.com\/en\/kartal-neyzen-tevfik-meydani-ve-kartal-stad-parki-cevre-duzenleme-projesi-uygulamasi\/\" class=\"shortcode_button btn_small btn_type5 reamdore\">Read More<\/a>\n\t\t\t\t\t\t\t\t<div class=\"block_likes\">\n\t\t\t                        <div class=\"post-views\"><i class=\"stand_icon icon-eye\"><\/i> <span>1046<\/span><\/div>\n\t\t\t\t\t\t\t\t\t<div class=\"gallery_likes gallery_likes_add\" data-attachid=\"3286\" data-modify=\"like_post\">\n\t\t\t\t\t\t\t\t\t\t<i class=\"stand_icon icon-heart-o\"><\/i>\n\t\t\t\t\t\t\t\t\t\t<span>0<\/span>\n\t\t\t\t\t\t\t\t\t<\/div>\t\t\t\t\t\t\t\t\t\t\t\t\t\t\t\t\t\t\t\t\n\t\t\t\t\t\t\t\t<\/div>\n\t\t\t\t\t\t\t<\/div>\n\t\t\t\t\t<\/div>\n\t\t\t\t<\/div><\/div><!--.blog_post_preview -->\n\t\t\t\t<div class=\"blog_post_preview\"><div class=\"post_preview_wrapper\"><div class=\"pf_output_container\"><\/div><div class=\"blog_content\">\n\t\t\t\t\t\t\t<div class=\"blogpreview_top\">\n\t\t\t\t\t\t\t\t<div class=\"box_date\">\n\t\t\t\t\t\t\t\t\t<span class=\"box_month\">Jul<\/span>\n\t\t\t\t\t\t\t\t\t<span class=\"box_day\">17<\/span>\n\t\t\t\t\t\t\t\t<\/div>\n\t\t\t\t\t\t\t\t<div class=\"author_ava\"><img alt='' src='https:\/\/secure.gravatar.com\/avatar\/bf646711db622686b1cc2a8eb11dcd73?s=72&#038;d=mm&#038;r=g' srcset='https:\/\/secure.gravatar.com\/avatar\/bf646711db622686b1cc2a8eb11dcd73?s=144&#038;d=mm&#038;r=g 2x' class='avatar avatar-72 photo' height='72' width='72' loading='lazy'\/><\/div>\n\t\t\t\t\t\t\t\t<div class=\"listing_meta\">\n\t\t\t\t\t\t\t\t\t<span>by <a href=\"https:\/\/kutupmimarlik.com\/en\/author\/admin\/\">admin<\/a><\/span>\t\t\t\t\t\t\t\t\t\n\t\t\t\t\t\t\t\t\t<span>in <a href=\"https:\/\/kutupmimarlik.com\/en\/category\/haberler\/\">News<\/a><\/span>\n\t\t\t\t\t\t\t\t\t<span><a href=\"https:\/\/kutupmimarlik.com\/en\/ertugrul-ve-ortacami-mahalleleri-kentsel-sit-alani-ozel-proje-alani-opa-1-kentsel-tasarim-projesi\/#respond\">0 comments<\/a><\/span>\n\t\t\t\t\t\t\t\t\t\n\t\t\t\t\t\t\t\t<\/div>\n\t\t\t\t\t\t\t<\/div>\n\t\t\t\t\t\t\t<h3 class=\"blogpost_title\"><a href=\"https:\/\/kutupmimarlik.com\/en\/ertugrul-ve-ortacami-mahalleleri-kentsel-sit-alani-ozel-proje-alani-opa-1-kentsel-tasarim-projesi\/\">ERTU\u011eRUL AND ORTACAM\u0130 NEIGHBORHOOD URBAN PROTECTION AREA - PRIVATE PROJECT AREA URBAN DESIGN PROJECT<\/a><\/h3><article class=\"contentarea\">\n\t\t\t\t\t\t\t\t <a href=\"https:\/\/kutupmimarlik.com\/en\/ertugrul-ve-ortacami-mahalleleri-kentsel-sit-alani-ozel-proje-alani-opa-1-kentsel-tasarim-projesi\/#more-2807\" class=\"more-link\"><span aria-label=\"Continue reading ERTU\u011eRUL VE ORTACAM\u0130 MAHALLELER\u0130 KENTSEL S\u0130T ALANI- \u00d6ZEL PROJE ALANI (\u00d6PA-1) KENTSEL TASARIM PROJES\u0130\">(more&hellip;)<\/span><\/a>\n\t\t\t\t\t\t\t<\/article>\n\t\t\t\t\t\t\t<div class=\"preview_footer\">\n\t\t\t\t\t\t\t\t<a href=\"https:\/\/kutupmimarlik.com\/en\/ertugrul-ve-ortacami-mahalleleri-kentsel-sit-alani-ozel-proje-alani-opa-1-kentsel-tasarim-projesi\/\" class=\"shortcode_button btn_small btn_type5 reamdore\">Read More<\/a>\n\t\t\t\t\t\t\t\t<div class=\"block_likes\">\n\t\t\t                        <div class=\"post-views\"><i class=\"stand_icon icon-eye\"><\/i> <span>1734<\/span><\/div>\n\t\t\t\t\t\t\t\t\t<div class=\"gallery_likes gallery_likes_add\" data-attachid=\"2807\" data-modify=\"like_post\">\n\t\t\t\t\t\t\t\t\t\t<i class=\"stand_icon icon-heart-o\"><\/i>\n\t\t\t\t\t\t\t\t\t\t<span>0<\/span>\n\t\t\t\t\t\t\t\t\t<\/div>\t\t\t\t\t\t\t\t\t\t\t\t\t\t\t\t\t\t\t\t\n\t\t\t\t\t\t\t\t<\/div>\n\t\t\t\t\t\t\t<\/div>\n\t\t\t\t\t<\/div>\n\t\t\t\t<\/div><\/div><!--.blog_post_preview -->\n\t\t\t\t<div class=\"blog_post_preview\"><div class=\"post_preview_wrapper\"><div class=\"pf_output_container\"><\/div><div class=\"blog_content\">\n\t\t\t\t\t\t\t<div class=\"blogpreview_top\">\n\t\t\t\t\t\t\t\t<div class=\"box_date\">\n\t\t\t\t\t\t\t\t\t<span class=\"box_month\">Mar<\/span>\n\t\t\t\t\t\t\t\t\t<span class=\"box_day\">02<\/span>\n\t\t\t\t\t\t\t\t<\/div>\n\t\t\t\t\t\t\t\t<div class=\"author_ava\"><img alt='' src='https:\/\/secure.gravatar.com\/avatar\/bf646711db622686b1cc2a8eb11dcd73?s=72&#038;d=mm&#038;r=g' srcset='https:\/\/secure.gravatar.com\/avatar\/bf646711db622686b1cc2a8eb11dcd73?s=144&#038;d=mm&#038;r=g 2x' class='avatar avatar-72 photo' height='72' width='72' loading='lazy'\/><\/div>\n\t\t\t\t\t\t\t\t<div class=\"listing_meta\">\n\t\t\t\t\t\t\t\t\t<span>by <a href=\"https:\/\/kutupmimarlik.com\/en\/author\/admin\/\">admin<\/a><\/span>\t\t\t\t\t\t\t\t\t\n\t\t\t\t\t\t\t\t\t<span>in <a href=\"https:\/\/kutupmimarlik.com\/en\/category\/haberler\/\">News<\/a><\/span>\n\t\t\t\t\t\t\t\t\t<span><a href=\"https:\/\/kutupmimarlik.com\/en\/tarsus-tarihi-ticaret-merkezi-cevre-duzenleme-ve-sagliklastirma-projesi\/#respond\">0 comments<\/a><\/span>\n\t\t\t\t\t\t\t\t\t\n\t\t\t\t\t\t\t\t<\/div>\n\t\t\t\t\t\t\t<\/div>\n\t\t\t\t\t\t\t<h3 class=\"blogpost_title\"><a href=\"https:\/\/kutupmimarlik.com\/en\/tarsus-tarihi-ticaret-merkezi-cevre-duzenleme-ve-sagliklastirma-projesi\/\">TARSUS HISTORICAL TRADE CENTER LANDSCAPE DESIGN AND REHABILITATION PROJECT<\/a><\/h3><article class=\"contentarea\">\n\t\t\t\t\t\t\t\t <a href=\"https:\/\/kutupmimarlik.com\/en\/tarsus-tarihi-ticaret-merkezi-cevre-duzenleme-ve-sagliklastirma-projesi\/#more-2827\" class=\"more-link\"><span aria-label=\"Continue reading TARSUS TAR\u0130H\u0130 T\u0130CARET MERKEZ\u0130 \u00c7EVRE D\u00dcZENLEME VE SA\u011eLIKLA\u015eTIRMA PROJES\u0130\">(more&hellip;)<\/span><\/a>\n\t\t\t\t\t\t\t<\/article>\n\t\t\t\t\t\t\t<div class=\"preview_footer\">\n\t\t\t\t\t\t\t\t<a href=\"https:\/\/kutupmimarlik.com\/en\/tarsus-tarihi-ticaret-merkezi-cevre-duzenleme-ve-sagliklastirma-projesi\/\" class=\"shortcode_button btn_small btn_type5 reamdore\">Read More<\/a>\n\t\t\t\t\t\t\t\t<div class=\"block_likes\">\n\t\t\t                        <div class=\"post-views\"><i class=\"stand_icon icon-eye\"><\/i> <span>1815<\/span><\/div>\n\t\t\t\t\t\t\t\t\t<div class=\"gallery_likes gallery_likes_add\" data-attachid=\"2827\" data-modify=\"like_post\">\n\t\t\t\t\t\t\t\t\t\t<i class=\"stand_icon icon-heart-o\"><\/i>\n\t\t\t\t\t\t\t\t\t\t<span>0<\/span>\n\t\t\t\t\t\t\t\t\t<\/div>\t\t\t\t\t\t\t\t\t\t\t\t\t\t\t\t\t\t\t\t\n\t\t\t\t\t\t\t\t<\/div>\n\t\t\t\t\t\t\t<\/div>\n\t\t\t\t\t<\/div>\n\t\t\t\t<\/div><\/div><!--.blog_post_preview -->\n\t\t\t\t<div class=\"blog_post_preview\"><div class=\"post_preview_wrapper\"><div class=\"pf_output_container\"><\/div><div class=\"blog_content\">\n\t\t\t\t\t\t\t<div class=\"blogpreview_top\">\n\t\t\t\t\t\t\t\t<div class=\"box_date\">\n\t\t\t\t\t\t\t\t\t<span class=\"box_month\">Nov<\/span>\n\t\t\t\t\t\t\t\t\t<span class=\"box_day\">14<\/span>\n\t\t\t\t\t\t\t\t<\/div>\n\t\t\t\t\t\t\t\t<div class=\"author_ava\"><img alt='' src='https:\/\/secure.gravatar.com\/avatar\/bf646711db622686b1cc2a8eb11dcd73?s=72&#038;d=mm&#038;r=g' srcset='https:\/\/secure.gravatar.com\/avatar\/bf646711db622686b1cc2a8eb11dcd73?s=144&#038;d=mm&#038;r=g 2x' class='avatar avatar-72 photo' height='72' width='72' loading='lazy'\/><\/div>\n\t\t\t\t\t\t\t\t<div class=\"listing_meta\">\n\t\t\t\t\t\t\t\t\t<span>by <a href=\"https:\/\/kutupmimarlik.com\/en\/author\/admin\/\">admin<\/a><\/span>\t\t\t\t\t\t\t\t\t\n\t\t\t\t\t\t\t\t\t<span>in <a href=\"https:\/\/kutupmimarlik.com\/en\/category\/haberler\/\">News<\/a><\/span>\n\t\t\t\t\t\t\t\t\t<span><a href=\"https:\/\/kutupmimarlik.com\/en\/tokat-ili-emniyet-hizmet-yapilari-projelerinin-hazirlanmasi\/#respond\">0 comments<\/a><\/span>\n\t\t\t\t\t\t\t\t\t\n\t\t\t\t\t\t\t\t<\/div>\n\t\t\t\t\t\t\t<\/div>\n\t\t\t\t\t\t\t<h3 class=\"blogpost_title\"><a href=\"https:\/\/kutupmimarlik.com\/en\/tokat-ili-emniyet-hizmet-yapilari-projelerinin-hazirlanmasi\/\">Tokat Police Service Buildings Projects<br><\/a><\/h3><article class=\"contentarea\">\n\t\t\t\t\t\t\t\t <a href=\"https:\/\/kutupmimarlik.com\/en\/tokat-ili-emniyet-hizmet-yapilari-projelerinin-hazirlanmasi\/#more-2801\" class=\"more-link\"><span aria-label=\"Continue reading TOKAT \u0130L\u0130 EMN\u0130YET H\u0130ZMET YAPILARI PROJELER\u0130N\u0130N HAZIRLANMASI\">(more&hellip;)<\/span><\/a>\n\t\t\t\t\t\t\t<\/article>\n\t\t\t\t\t\t\t<div class=\"preview_footer\">\n\t\t\t\t\t\t\t\t<a href=\"https:\/\/kutupmimarlik.com\/en\/tokat-ili-emniyet-hizmet-yapilari-projelerinin-hazirlanmasi\/\" class=\"shortcode_button btn_small btn_type5 reamdore\">Read More<\/a>\n\t\t\t\t\t\t\t\t<div class=\"block_likes\">\n\t\t\t                        <div class=\"post-views\"><i class=\"stand_icon icon-eye\"><\/i> <span>1698<\/span><\/div>\n\t\t\t\t\t\t\t\t\t<div class=\"gallery_likes gallery_likes_add\" data-attachid=\"2801\" data-modify=\"like_post\">\n\t\t\t\t\t\t\t\t\t\t<i class=\"stand_icon icon-heart-o\"><\/i>\n\t\t\t\t\t\t\t\t\t\t<span>0<\/span>\n\t\t\t\t\t\t\t\t\t<\/div>\t\t\t\t\t\t\t\t\t\t\t\t\t\t\t\t\t\t\t\t\n\t\t\t\t\t\t\t\t<\/div>\n\t\t\t\t\t\t\t<\/div>\n\t\t\t\t\t<\/div>\n\t\t\t\t<\/div><\/div><!--.blog_post_preview -->\n\t\t\t\t<div class=\"blog_post_preview\"><div class=\"post_preview_wrapper\"><div class=\"pf_output_container\"><\/div><div class=\"blog_content\">\n\t\t\t\t\t\t\t<div class=\"blogpreview_top\">\n\t\t\t\t\t\t\t\t<div class=\"box_date\">\n\t\t\t\t\t\t\t\t\t<span class=\"box_month\">Nov<\/span>\n\t\t\t\t\t\t\t\t\t<span class=\"box_day\">10<\/span>\n\t\t\t\t\t\t\t\t<\/div>\n\t\t\t\t\t\t\t\t<div class=\"author_ava\"><img alt='' src='https:\/\/secure.gravatar.com\/avatar\/bf646711db622686b1cc2a8eb11dcd73?s=72&#038;d=mm&#038;r=g' srcset='https:\/\/secure.gravatar.com\/avatar\/bf646711db622686b1cc2a8eb11dcd73?s=144&#038;d=mm&#038;r=g 2x' class='avatar avatar-72 photo' height='72' width='72' loading='lazy'\/><\/div>\n\t\t\t\t\t\t\t\t<div class=\"listing_meta\">\n\t\t\t\t\t\t\t\t\t<span>by <a href=\"https:\/\/kutupmimarlik.com\/en\/author\/admin\/\">admin<\/a><\/span>\t\t\t\t\t\t\t\t\t\n\t\t\t\t\t\t\t\t\t<span>in <a href=\"https:\/\/kutupmimarlik.com\/en\/category\/haberler\/\">News<\/a><\/span>\n\t\t\t\t\t\t\t\t\t<span><a href=\"https:\/\/kutupmimarlik.com\/en\/kale-cevresi-cevre-duzenleme\/#respond\">0 comments<\/a><\/span>\n\t\t\t\t\t\t\t\t\t\n\t\t\t\t\t\t\t\t<\/div>\n\t\t\t\t\t\t\t<\/div>\n\t\t\t\t\t\t\t<h3 class=\"blogpost_title\"><a href=\"https:\/\/kutupmimarlik.com\/en\/kale-cevresi-cevre-duzenleme\/\">Castle Vicinity (Uzun \u00c7ar\u015f\u0131 Street and Yeni 1. \u00c7ar\u015f\u0131 Street) Landscape Design and Street Rehabilitation Project<\/a><\/h3><article class=\"contentarea\">\n\t\t\t\t\t\t\t\t <a href=\"https:\/\/kutupmimarlik.com\/en\/kale-cevresi-cevre-duzenleme\/#more-2658\" class=\"more-link\"><span aria-label=\"Continue reading KALE \u00c7EVRES\u0130 (UZUN \u00c7AR\u015eI VE YEN\u0130 1. \u00c7AR\u015eI SOKAK) \u00c7EVRE D\u00dcZENLEME VE SOKAK SA\u011eLIKLA\u015eTIRMA H\u0130ZMET ALIMI\">(more&hellip;)<\/span><\/a>\n\t\t\t\t\t\t\t<\/article>\n\t\t\t\t\t\t\t<div class=\"preview_footer\">\n\t\t\t\t\t\t\t\t<a href=\"https:\/\/kutupmimarlik.com\/en\/kale-cevresi-cevre-duzenleme\/\" class=\"shortcode_button btn_small btn_type5 reamdore\">Read More<\/a>\n\t\t\t\t\t\t\t\t<div class=\"block_likes\">\n\t\t\t                        <div class=\"post-views\"><i class=\"stand_icon icon-eye\"><\/i> <span>2404<\/span><\/div>\n\t\t\t\t\t\t\t\t\t<div class=\"gallery_likes gallery_likes_add\" data-attachid=\"2658\" data-modify=\"like_post\">\n\t\t\t\t\t\t\t\t\t\t<i class=\"stand_icon icon-heart-o\"><\/i>\n\t\t\t\t\t\t\t\t\t\t<span>0<\/span>\n\t\t\t\t\t\t\t\t\t<\/div>\t\t\t\t\t\t\t\t\t\t\t\t\t\t\t\t\t\t\t\t\n\t\t\t\t\t\t\t\t<\/div>\n\t\t\t\t\t\t\t<\/div>\n\t\t\t\t\t<\/div>\n\t\t\t\t<\/div><\/div><!--.blog_post_preview -->\n\t\t\t\t<div class=\"blog_post_preview\"><div class=\"post_preview_wrapper\"><div class=\"pf_output_container\"><\/div><div class=\"blog_content\">\n\t\t\t\t\t\t\t<div class=\"blogpreview_top\">\n\t\t\t\t\t\t\t\t<div class=\"box_date\">\n\t\t\t\t\t\t\t\t\t<span class=\"box_month\">Oct<\/span>\n\t\t\t\t\t\t\t\t\t<span class=\"box_day\">03<\/span>\n\t\t\t\t\t\t\t\t<\/div>\n\t\t\t\t\t\t\t\t<div class=\"author_ava\"><img alt='' src='https:\/\/secure.gravatar.com\/avatar\/bf646711db622686b1cc2a8eb11dcd73?s=72&#038;d=mm&#038;r=g' srcset='https:\/\/secure.gravatar.com\/avatar\/bf646711db622686b1cc2a8eb11dcd73?s=144&#038;d=mm&#038;r=g 2x' class='avatar avatar-72 photo' height='72' width='72' loading='lazy'\/><\/div>\n\t\t\t\t\t\t\t\t<div class=\"listing_meta\">\n\t\t\t\t\t\t\t\t\t<span>by <a href=\"https:\/\/kutupmimarlik.com\/en\/author\/admin\/\">admin<\/a><\/span>\t\t\t\t\t\t\t\t\t\n\t\t\t\t\t\t\t\t\t<span>in <a href=\"https:\/\/kutupmimarlik.com\/en\/category\/haberler\/\">News<\/a><\/span>\n\t\t\t\t\t\t\t\t\t<span><a href=\"https:\/\/kutupmimarlik.com\/en\/biga-belediyesi-katli-otopark-uygulama-projesi\/#respond\">0 comments<\/a><\/span>\n\t\t\t\t\t\t\t\t\t\n\t\t\t\t\t\t\t\t<\/div>\n\t\t\t\t\t\t\t<\/div>\n\t\t\t\t\t\t\t<h3 class=\"blogpost_title\"><a href=\"https:\/\/kutupmimarlik.com\/en\/biga-belediyesi-katli-otopark-uygulama-projesi\/\">Biga Municipality Multi-Storey Car Park Implementation Project<br><\/a><\/h3><article class=\"contentarea\">\n\t\t\t\t\t\t\t\t <a href=\"https:\/\/kutupmimarlik.com\/en\/biga-belediyesi-katli-otopark-uygulama-projesi\/#more-2791\" class=\"more-link\"><span aria-label=\"Continue reading B\u0130GA BELED\u0130YES\u0130 KATLI OTOPARK UYGULAMA PROJES\u0130\">(more&hellip;)<\/span><\/a>\n\t\t\t\t\t\t\t<\/article>\n\t\t\t\t\t\t\t<div class=\"preview_footer\">\n\t\t\t\t\t\t\t\t<a href=\"https:\/\/kutupmimarlik.com\/en\/biga-belediyesi-katli-otopark-uygulama-projesi\/\" class=\"shortcode_button btn_small btn_type5 reamdore\">Read More<\/a>\n\t\t\t\t\t\t\t\t<div class=\"block_likes\">\n\t\t\t                        <div class=\"post-views\"><i class=\"stand_icon icon-eye\"><\/i> <span>2356<\/span><\/div>\n\t\t\t\t\t\t\t\t\t<div class=\"gallery_likes gallery_likes_add\" data-attachid=\"2791\" data-modify=\"like_post\">\n\t\t\t\t\t\t\t\t\t\t<i class=\"stand_icon icon-heart-o\"><\/i>\n\t\t\t\t\t\t\t\t\t\t<span>0<\/span>\n\t\t\t\t\t\t\t\t\t<\/div>\t\t\t\t\t\t\t\t\t\t\t\t\t\t\t\t\t\t\t\t\n\t\t\t\t\t\t\t\t<\/div>\n\t\t\t\t\t\t\t<\/div>\n\t\t\t\t\t<\/div>\n\t\t\t\t<\/div><\/div><!--.blog_post_preview -->\n\t\t\t\t<div class=\"blog_post_preview\"><div class=\"post_preview_wrapper\"><div class=\"pf_output_container\"><\/div><div class=\"blog_content\">\n\t\t\t\t\t\t\t<div class=\"blogpreview_top\">\n\t\t\t\t\t\t\t\t<div class=\"box_date\">\n\t\t\t\t\t\t\t\t\t<span class=\"box_month\">Aug<\/span>\n\t\t\t\t\t\t\t\t\t<span class=\"box_day\">19<\/span>\n\t\t\t\t\t\t\t\t<\/div>\n\t\t\t\t\t\t\t\t<div class=\"author_ava\"><img alt='' src='https:\/\/secure.gravatar.com\/avatar\/bf646711db622686b1cc2a8eb11dcd73?s=72&#038;d=mm&#038;r=g' srcset='https:\/\/secure.gravatar.com\/avatar\/bf646711db622686b1cc2a8eb11dcd73?s=144&#038;d=mm&#038;r=g 2x' class='avatar avatar-72 photo' height='72' width='72' loading='lazy'\/><\/div>\n\t\t\t\t\t\t\t\t<div class=\"listing_meta\">\n\t\t\t\t\t\t\t\t\t<span>by <a href=\"https:\/\/kutupmimarlik.com\/en\/author\/admin\/\">admin<\/a><\/span>\t\t\t\t\t\t\t\t\t\n\t\t\t\t\t\t\t\t\t<span>in <a href=\"https:\/\/kutupmimarlik.com\/en\/category\/haberler\/\">News<\/a><\/span>\n\t\t\t\t\t\t\t\t\t<span><a href=\"https:\/\/kutupmimarlik.com\/en\/istanbul-ili-fatih-ilcesi-ali-kuscu-mahallesi-2126-ada-24-parselde-yer-alan-gulustu-turbesinin-rolove-restitusyon-ve-restorasyon-projelerinin-hazirlanmasi-isi\/#respond\">0 comments<\/a><\/span>\n\t\t\t\t\t\t\t\t\t\n\t\t\t\t\t\t\t\t<\/div>\n\t\t\t\t\t\t\t<\/div>\n\t\t\t\t\t\t\t<h3 class=\"blogpost_title\"><a href=\"https:\/\/kutupmimarlik.com\/en\/istanbul-ili-fatih-ilcesi-ali-kuscu-mahallesi-2126-ada-24-parselde-yer-alan-gulustu-turbesinin-rolove-restitusyon-ve-restorasyon-projelerinin-hazirlanmasi-isi\/\">\u0130stanbul Fatih District, Ali Ku\u015f\u00e7u Neighborhood G\u00fcl\u00fcst\u00fc Tomb (Located in Block 2126, Plot 24) Survey, Restitution and Restoration Projects<\/a><\/h3><article class=\"contentarea\">\n\t\t\t\t\t\t\t\t <a href=\"https:\/\/kutupmimarlik.com\/en\/istanbul-ili-fatih-ilcesi-ali-kuscu-mahallesi-2126-ada-24-parselde-yer-alan-gulustu-turbesinin-rolove-restitusyon-ve-restorasyon-projelerinin-hazirlanmasi-isi\/#more-3064\" class=\"more-link\"><span aria-label=\"Continue reading \u0130STANBUL \u0130L\u0130, FAT\u0130H \u0130L\u00c7ES\u0130, AL\u0130 KU\u015e\u00c7U MAHALLES\u0130, 2126 ADA 24 PARSELDE YER ALAN G\u00dcL\u00dcST\u00dc T\u00dcRBES\u0130\u2019N\u0130N R\u00d6L\u00d6VE, REST\u0130T\u00dcSYON VE RESTORASYON PROJELER\u0130N\u0130N HAZIRLANMASI \u0130\u015e\u0130\">(more&hellip;)<\/span><\/a>\n\t\t\t\t\t\t\t<\/article>\n\t\t\t\t\t\t\t<div class=\"preview_footer\">\n\t\t\t\t\t\t\t\t<a href=\"https:\/\/kutupmimarlik.com\/en\/istanbul-ili-fatih-ilcesi-ali-kuscu-mahallesi-2126-ada-24-parselde-yer-alan-gulustu-turbesinin-rolove-restitusyon-ve-restorasyon-projelerinin-hazirlanmasi-isi\/\" class=\"shortcode_button btn_small btn_type5 reamdore\">Read More<\/a>\n\t\t\t\t\t\t\t\t<div class=\"block_likes\">\n\t\t\t                        <div class=\"post-views\"><i class=\"stand_icon icon-eye\"><\/i> <span>1743<\/span><\/div>\n\t\t\t\t\t\t\t\t\t<div class=\"gallery_likes gallery_likes_add\" data-attachid=\"3064\" data-modify=\"like_post\">\n\t\t\t\t\t\t\t\t\t\t<i class=\"stand_icon icon-heart-o\"><\/i>\n\t\t\t\t\t\t\t\t\t\t<span>0<\/span>\n\t\t\t\t\t\t\t\t\t<\/div>\t\t\t\t\t\t\t\t\t\t\t\t\t\t\t\t\t\t\t\t\n\t\t\t\t\t\t\t\t<\/div>\n\t\t\t\t\t\t\t<\/div>\n\t\t\t\t\t<\/div>\n\t\t\t\t<\/div><\/div><!--.blog_post_preview --><ul class=\"pagerblock\"><li><a href='https:\/\/kutupmimarlik.com\/en\/wp-json\/wp\/v2\/pages\/2652' class='current'>1<\/a><\/li><li><a href='https:\/\/kutupmimarlik.com\/en\/wp-json\/wp\/v2\/pages\/2652\/page\/2\/'>2<\/a><\/li><li><a href='https:\/\/kutupmimarlik.com\/en\/wp-json\/wp\/v2\/pages\/2652\/page\/3\/'>3<\/a><\/li><\/ul><\/div><!-- .module_cont --><\/div>","protected":false},"excerpt":{"rendered":"","protected":false},"author":1,"featured_media":0,"parent":0,"menu_order":0,"comment_status":"closed","ping_status":"closed","template":"page-blog-fullscreen.php","meta":[],"_links":{"self":[{"href":"https:\/\/kutupmimarlik.com\/en\/wp-json\/wp\/v2\/pages\/2652"}],"collection":[{"href":"https:\/\/kutupmimarlik.com\/en\/wp-json\/wp\/v2\/pages"}],"about":[{"href":"https:\/\/kutupmimarlik.com\/en\/wp-json\/wp\/v2\/types\/page"}],"author":[{"embeddable":true,"href":"https:\/\/kutupmimarlik.com\/en\/wp-json\/wp\/v2\/users\/1"}],"replies":[{"embeddable":true,"href":"https:\/\/kutupmimarlik.com\/en\/wp-json\/wp\/v2\/comments?post=2652"}],"version-history":[{"count":2,"href":"https:\/\/kutupmimarlik.com\/en\/wp-json\/wp\/v2\/pages\/2652\/revisions"}],"predecessor-version":[{"id":2657,"href":"https:\/\/kutupmimarlik.com\/en\/wp-json\/wp\/v2\/pages\/2652\/revisions\/2657"}],"wp:attachment":[{"href":"https:\/\/kutupmimarlik.com\/en\/wp-json\/wp\/v2\/media?parent=2652"}],"curies":[{"name":"wp","href":"https:\/\/api.w.org\/{rel}","templated":true}]}}